{"id":210500,"date":"2024-02-06T15:43:53","date_gmt":"2024-02-06T14:43:53","guid":{"rendered":"https:\/\/www.solarwaterworld.de\/bootsverleih\/suncat-23-bis-zu-12-personen-solarboot-3\/"},"modified":"2024-02-06T15:43:53","modified_gmt":"2024-02-06T14:43:53","slug":"suncat-23-bis-zu-12-personen-solarboot-3","status":"publish","type":"page","link":"https:\/\/www.solarwaterworld.de\/bootsverleih\/suncat-23-bis-zu-12-personen-solarboot-3\/","title":{"rendered":"SunCat 23 bis zu 12 Personen- Solarboot"},"content":{"rendered":"<p><strong>Willkommen an Bord der SunCat 23, dem sonnigen Elektroboot von Solarwaterworld AG! Mit einer gro\u00dfz\u00fcgigen Kapazit\u00e4t f\u00fcr bis zu 12 Personen bietet unsere SC23 das perfekte Ambiente f\u00fcr unvergessliche Stunden auf den Gew\u00e4ssern Berlins.<\/strong><\/p>\n<p>Die SC23 ist nicht nur umweltfreundlich und ger\u00e4uschlos, sondern auch ger\u00e4umig und komfortabel. Der geringf\u00fcgige Stauraum erm\u00f6glicht es, pers\u00f6nliche Gegenst\u00e4nde sicher zu verstauen, w\u00e4hrend die Badeleiter ein m\u00fcheloses Ein- und Aussteigen beim Ankern f\u00fcr erfrischende Badepausen garantiert.<\/p>\n<p>Unsere Boote sind nicht nur emissionsfrei, sondern auch sicher. Kostenlose Schwimmwesten in allen Gr\u00f6\u00dfen stehen f\u00fcr dich und deine G\u00e4ste zur Verf\u00fcgung. Die Sicherheit an Bord steht f\u00fcr uns an erster Stelle.<\/p>\n<p>F\u00fcr besondere Anl\u00e4sse bieten wir auf Wunsch einen Esstisch, um deine Bootsfahrt noch angenehmer zu gestalten. Genie\u00dfe die Sonne unter dem Sonnensegel, w\u00e4hrend du mit Freunden und Familie eine unvergleichliche Zeit auf dem Wasser verbringst.<\/p>\n<p>Die SunCat 23 ist ideal f\u00fcr eine Vielzahl von Veranstaltungen geeignet, von entspannten Tagesausfl\u00fcgen bis hin zu besonderen Anl\u00e4ssen wie Junggesellenabschieden, Geburtstagen, Firmenevents oder privaten Partys. Erlebe mit uns unvergessliche Momente auf den Gew\u00e4ssern rund um Berlin.<\/p>\n<p>Dank der f\u00fchrerscheinfreien Nutzung steht deinem Abenteuer auf dem Wasser nichts im Wege. Entdecke die Sch\u00f6nheit der Seen und Fl\u00fcsse in und um Berlin mit Solarwaterworld AG, deinem Bootsverleih in Berlin K\u00f6penick.<\/p>\n<section>\n<div class=\"container-fluid\">\n<div class=\"row\">\n<div class=\"col-12 mb-3\">\n<div class=\"row mt-5 mb-5 justify-content-md-center\">\n<div class=\"col-12 col-md-8 text-center\">\n<div class=\"card text-center shadow-lg  p-3 mb-5 rounded\">\n<div class=\"card-header alert-warning\">\n<h1 class=\"mb-0 pb-2\">Oops!<\/h1>\n<p>\t\t\t\t\t\t\t\t<span class=\"d-block\">Da ist etwas schief gelaufen<\/span>\n\t\t\t\t\t\t\t<\/div>\n<div class=\"card-body\">\n<div class=\"alert-warning-box p-5 mb-3\"><\/div>\n<p>Das von dir gesuchte Boot ist <u>hier<\/u> nicht mehr verf\u00fcgbar. <br \/>Bitte nutze den Link \u00fcber Miet-Boot.de dein Boot zu buchen.<\/p>\n<p><a href=\"https:\/\/miet-boot.de\/elektroboot\/suncat-23-bis-zu-12-personen--solarboot.html\" class=\"btn btn-primary btn-lg \" target=\"_blank\" title=\"Miet Boot\" rel=\"noopener\">Elektroboot buchen<\/a>\n\t\t\t\t\t\t\t<\/div>\n<\/p><\/div>\n<\/p><\/div>\n<\/p><\/div>\n<\/p><\/div>\n<\/p><\/div>\n<\/p><\/div>\n<\/section>\n","protected":false},"excerpt":{"rendered":"<p>Willkommen an Bord der SunCat 23, dem sonnigen Elektroboot von Solarwaterworld AG! Mit einer gro\u00dfz\u00fcgigen Kapazit\u00e4t f\u00fcr bis zu 12 Personen bietet unsere SC23 das perfekte Ambiente f\u00fcr unvergessliche Stunden auf den Gew\u00e4ssern Berlins. Die SC23 ist nicht nur umweltfreundlich und ger\u00e4uschlos, sondern auch ger\u00e4umig und komfortabel. Der geringf\u00fcgige Stauraum erm\u00f6glicht es, pers\u00f6nliche Gegenst\u00e4nde sicher [&hellip;]<\/p>\n","protected":false},"author":1,"featured_media":0,"parent":0,"menu_order":0,"comment_status":"closed","ping_status":"closed","template":"","meta":{"_et_pb_use_builder":"","_et_pb_old_content":"","_et_gb_content_width":"","inline_featured_image":false,"footnotes":""},"class_list":["post-210500","page","type-page","status-publish","hentry"],"yoast_head":"<!-- This site is optimized with the Yoast SEO plugin v27.4 - https:\/\/yoast.com\/product\/yoast-seo-wordpress\/ -->\n<title>SunCat 23 bis zu 12 Personen- Solarboot - Bootsverleih<\/title>\n<meta name=\"robots\" content=\"index, follow, max-snippet:-1, max-image-preview:large, max-video-preview:-1\" \/>\n<link rel=\"canonical\" href=\"https:\/\/www.solarwaterworld.de\/bootsverleih\/suncat-23-bis-zu-12-personen-solarboot-3\/\" \/>\n<meta property=\"og:locale\" content=\"de_DE\" \/>\n<meta property=\"og:type\" content=\"article\" \/>\n<meta property=\"og:title\" content=\"SunCat 23 bis zu 12 Personen- Solarboot - Bootsverleih\" \/>\n<meta property=\"og:description\" content=\"Willkommen an Bord der SunCat 23, dem sonnigen Elektroboot von Solarwaterworld AG! Mit einer gro\u00dfz\u00fcgigen Kapazit\u00e4t f\u00fcr bis zu 12 Personen bietet unsere SC23 das perfekte Ambiente f\u00fcr unvergessliche Stunden auf den Gew\u00e4ssern Berlins. Die SC23 ist nicht nur umweltfreundlich und ger\u00e4uschlos, sondern auch ger\u00e4umig und komfortabel. Der geringf\u00fcgige Stauraum erm\u00f6glicht es, pers\u00f6nliche Gegenst\u00e4nde sicher [&hellip;]\" \/>\n<meta property=\"og:url\" content=\"https:\/\/www.solarwaterworld.de\/bootsverleih\/suncat-23-bis-zu-12-personen-solarboot-3\/\" \/>\n<meta property=\"og:site_name\" content=\"Bootsverleih\" \/>\n<meta property=\"article:publisher\" content=\"https:\/\/www.facebook.com\/solarwaterworld.de\" \/>\n<meta name=\"twitter:card\" content=\"summary_large_image\" \/>\n<meta name=\"twitter:label1\" content=\"Gesch\u00e4tzte Lesezeit\" \/>\n\t<meta name=\"twitter:data1\" content=\"1\u00a0Minute\" \/>\n<script type=\"application\/ld+json\" class=\"yoast-schema-graph\">{\"@context\":\"https:\\\/\\\/schema.org\",\"@graph\":[{\"@type\":\"WebPage\",\"@id\":\"https:\\\/\\\/www.solarwaterworld.de\\\/bootsverleih\\\/suncat-23-bis-zu-12-personen-solarboot-3\\\/\",\"url\":\"https:\\\/\\\/www.solarwaterworld.de\\\/bootsverleih\\\/suncat-23-bis-zu-12-personen-solarboot-3\\\/\",\"name\":\"SunCat 23 bis zu 12 Personen- Solarboot - Bootsverleih\",\"isPartOf\":{\"@id\":\"https:\\\/\\\/www.solarwaterworld.de\\\/bootsverleih\\\/#website\"},\"datePublished\":\"2024-02-06T14:43:53+00:00\",\"breadcrumb\":{\"@id\":\"https:\\\/\\\/www.solarwaterworld.de\\\/bootsverleih\\\/suncat-23-bis-zu-12-personen-solarboot-3\\\/#breadcrumb\"},\"inLanguage\":\"de\",\"potentialAction\":[{\"@type\":\"ReadAction\",\"target\":[\"https:\\\/\\\/www.solarwaterworld.de\\\/bootsverleih\\\/suncat-23-bis-zu-12-personen-solarboot-3\\\/\"]}]},{\"@type\":\"BreadcrumbList\",\"@id\":\"https:\\\/\\\/www.solarwaterworld.de\\\/bootsverleih\\\/suncat-23-bis-zu-12-personen-solarboot-3\\\/#breadcrumb\",\"itemListElement\":[{\"@type\":\"ListItem\",\"position\":1,\"name\":\"Startseite\",\"item\":\"https:\\\/\\\/www.solarwaterworld.de\\\/bootsverleih\\\/\"},{\"@type\":\"ListItem\",\"position\":2,\"name\":\"SunCat 23 bis zu 12 Personen- Solarboot\"}]},{\"@type\":\"WebSite\",\"@id\":\"https:\\\/\\\/www.solarwaterworld.de\\\/bootsverleih\\\/#website\",\"url\":\"https:\\\/\\\/www.solarwaterworld.de\\\/bootsverleih\\\/\",\"name\":\"Solarwaterworld Bootsverleih\",\"description\":\"Boot mieten in Berlin an der Spree\",\"publisher\":{\"@id\":\"https:\\\/\\\/www.solarwaterworld.de\\\/bootsverleih\\\/#organization\"},\"potentialAction\":[{\"@type\":\"SearchAction\",\"target\":{\"@type\":\"EntryPoint\",\"urlTemplate\":\"https:\\\/\\\/www.solarwaterworld.de\\\/bootsverleih\\\/?s={search_term_string}\"},\"query-input\":{\"@type\":\"PropertyValueSpecification\",\"valueRequired\":true,\"valueName\":\"search_term_string\"}}],\"inLanguage\":\"de\"},{\"@type\":\"Organization\",\"@id\":\"https:\\\/\\\/www.solarwaterworld.de\\\/bootsverleih\\\/#organization\",\"name\":\"Solarwaterworld Bootsverleih\",\"url\":\"https:\\\/\\\/www.solarwaterworld.de\\\/bootsverleih\\\/\",\"logo\":{\"@type\":\"ImageObject\",\"inLanguage\":\"de\",\"@id\":\"https:\\\/\\\/www.solarwaterworld.de\\\/bootsverleih\\\/#\\\/schema\\\/logo\\\/image\\\/\",\"url\":\"https:\\\/\\\/www.solarwaterworld.de\\\/bootsverleih\\\/wp-content\\\/uploads\\\/sites\\\/2\\\/2022\\\/09\\\/170412_SWW_Logo_frei.png\",\"contentUrl\":\"https:\\\/\\\/www.solarwaterworld.de\\\/bootsverleih\\\/wp-content\\\/uploads\\\/sites\\\/2\\\/2022\\\/09\\\/170412_SWW_Logo_frei.png\",\"width\":907,\"height\":170,\"caption\":\"Solarwaterworld Bootsverleih\"},\"image\":{\"@id\":\"https:\\\/\\\/www.solarwaterworld.de\\\/bootsverleih\\\/#\\\/schema\\\/logo\\\/image\\\/\"},\"sameAs\":[\"https:\\\/\\\/www.facebook.com\\\/solarwaterworld.de\",\"https:\\\/\\\/www.instagram.com\\\/solarwaterworld\\\/\"]}]}<\/script>\n<!-- \/ Yoast SEO plugin. -->","yoast_head_json":{"title":"SunCat 23 bis zu 12 Personen- Solarboot - Bootsverleih","robots":{"index":"index","follow":"follow","max-snippet":"max-snippet:-1","max-image-preview":"max-image-preview:large","max-video-preview":"max-video-preview:-1"},"canonical":"https:\/\/www.solarwaterworld.de\/bootsverleih\/suncat-23-bis-zu-12-personen-solarboot-3\/","og_locale":"de_DE","og_type":"article","og_title":"SunCat 23 bis zu 12 Personen- Solarboot - Bootsverleih","og_description":"Willkommen an Bord der SunCat 23, dem sonnigen Elektroboot von Solarwaterworld AG! Mit einer gro\u00dfz\u00fcgigen Kapazit\u00e4t f\u00fcr bis zu 12 Personen bietet unsere SC23 das perfekte Ambiente f\u00fcr unvergessliche Stunden auf den Gew\u00e4ssern Berlins. Die SC23 ist nicht nur umweltfreundlich und ger\u00e4uschlos, sondern auch ger\u00e4umig und komfortabel. Der geringf\u00fcgige Stauraum erm\u00f6glicht es, pers\u00f6nliche Gegenst\u00e4nde sicher [&hellip;]","og_url":"https:\/\/www.solarwaterworld.de\/bootsverleih\/suncat-23-bis-zu-12-personen-solarboot-3\/","og_site_name":"Bootsverleih","article_publisher":"https:\/\/www.facebook.com\/solarwaterworld.de","twitter_card":"summary_large_image","twitter_misc":{"Gesch\u00e4tzte Lesezeit":"1\u00a0Minute"},"schema":{"@context":"https:\/\/schema.org","@graph":[{"@type":"WebPage","@id":"https:\/\/www.solarwaterworld.de\/bootsverleih\/suncat-23-bis-zu-12-personen-solarboot-3\/","url":"https:\/\/www.solarwaterworld.de\/bootsverleih\/suncat-23-bis-zu-12-personen-solarboot-3\/","name":"SunCat 23 bis zu 12 Personen- Solarboot - Bootsverleih","isPartOf":{"@id":"https:\/\/www.solarwaterworld.de\/bootsverleih\/#website"},"datePublished":"2024-02-06T14:43:53+00:00","breadcrumb":{"@id":"https:\/\/www.solarwaterworld.de\/bootsverleih\/suncat-23-bis-zu-12-personen-solarboot-3\/#breadcrumb"},"inLanguage":"de","potentialAction":[{"@type":"ReadAction","target":["https:\/\/www.solarwaterworld.de\/bootsverleih\/suncat-23-bis-zu-12-personen-solarboot-3\/"]}]},{"@type":"BreadcrumbList","@id":"https:\/\/www.solarwaterworld.de\/bootsverleih\/suncat-23-bis-zu-12-personen-solarboot-3\/#breadcrumb","itemListElement":[{"@type":"ListItem","position":1,"name":"Startseite","item":"https:\/\/www.solarwaterworld.de\/bootsverleih\/"},{"@type":"ListItem","position":2,"name":"SunCat 23 bis zu 12 Personen- Solarboot"}]},{"@type":"WebSite","@id":"https:\/\/www.solarwaterworld.de\/bootsverleih\/#website","url":"https:\/\/www.solarwaterworld.de\/bootsverleih\/","name":"Solarwaterworld Bootsverleih","description":"Boot mieten in Berlin an der Spree","publisher":{"@id":"https:\/\/www.solarwaterworld.de\/bootsverleih\/#organization"},"potentialAction":[{"@type":"SearchAction","target":{"@type":"EntryPoint","urlTemplate":"https:\/\/www.solarwaterworld.de\/bootsverleih\/?s={search_term_string}"},"query-input":{"@type":"PropertyValueSpecification","valueRequired":true,"valueName":"search_term_string"}}],"inLanguage":"de"},{"@type":"Organization","@id":"https:\/\/www.solarwaterworld.de\/bootsverleih\/#organization","name":"Solarwaterworld Bootsverleih","url":"https:\/\/www.solarwaterworld.de\/bootsverleih\/","logo":{"@type":"ImageObject","inLanguage":"de","@id":"https:\/\/www.solarwaterworld.de\/bootsverleih\/#\/schema\/logo\/image\/","url":"https:\/\/www.solarwaterworld.de\/bootsverleih\/wp-content\/uploads\/sites\/2\/2022\/09\/170412_SWW_Logo_frei.png","contentUrl":"https:\/\/www.solarwaterworld.de\/bootsverleih\/wp-content\/uploads\/sites\/2\/2022\/09\/170412_SWW_Logo_frei.png","width":907,"height":170,"caption":"Solarwaterworld Bootsverleih"},"image":{"@id":"https:\/\/www.solarwaterworld.de\/bootsverleih\/#\/schema\/logo\/image\/"},"sameAs":["https:\/\/www.facebook.com\/solarwaterworld.de","https:\/\/www.instagram.com\/solarwaterworld\/"]}]}},"_links":{"self":[{"href":"https:\/\/www.solarwaterworld.de\/bootsverleih\/wp-json\/wp\/v2\/pages\/210500","targetHints":{"allow":["GET"]}}],"collection":[{"href":"https:\/\/www.solarwaterworld.de\/bootsverleih\/wp-json\/wp\/v2\/pages"}],"about":[{"href":"https:\/\/www.solarwaterworld.de\/bootsverleih\/wp-json\/wp\/v2\/types\/page"}],"author":[{"embeddable":true,"href":"https:\/\/www.solarwaterworld.de\/bootsverleih\/wp-json\/wp\/v2\/users\/1"}],"replies":[{"embeddable":true,"href":"https:\/\/www.solarwaterworld.de\/bootsverleih\/wp-json\/wp\/v2\/comments?post=210500"}],"version-history":[{"count":0,"href":"https:\/\/www.solarwaterworld.de\/bootsverleih\/wp-json\/wp\/v2\/pages\/210500\/revisions"}],"wp:attachment":[{"href":"https:\/\/www.solarwaterworld.de\/bootsverleih\/wp-json\/wp\/v2\/media?parent=210500"}],"curies":[{"name":"wp","href":"https:\/\/api.w.org\/{rel}","templated":true}]}}