{"id":210638,"date":"2023-06-20T09:43:34","date_gmt":"2023-06-20T07:43:34","guid":{"rendered":"https:\/\/www.solarwaterworld.de\/schiffstouren\/?page_id=210638"},"modified":"2024-02-05T08:59:36","modified_gmt":"2024-02-05T07:59:36","slug":"agbs","status":"publish","type":"page","link":"https:\/\/www.solarwaterworld.de\/schiffstouren\/agbs\/","title":{"rendered":"AGBs"},"content":{"rendered":"<p>[et_pb_section fb_built=&#8220;1&#8243; _builder_version=&#8220;4.20.4&#8243; _module_preset=&#8220;default&#8220; custom_padding=&#8220;||129px||false|false&#8220; global_colors_info=&#8220;{}&#8220;][et_pb_row _builder_version=&#8220;4.16&#8243; _module_preset=&#8220;default&#8220; custom_padding=&#8220;4px|||||&#8220; global_colors_info=&#8220;{}&#8220;][et_pb_column type=&#8220;4_4&#8243; _builder_version=&#8220;4.16&#8243; _module_preset=&#8220;default&#8220; global_colors_info=&#8220;{}&#8220;][et_pb_text _builder_version=&#8220;4.19.5&#8243; _module_preset=&#8220;default&#8220; text_text_color=&#8220;#00326c&#8220; text_font_size=&#8220;16px&#8220; text_line_height=&#8220;1.4em&#8220; link_text_color=&#8220;#00326c&#8220; header_text_color=&#8220;#00326c&#8220; header_line_height=&#8220;1.4em&#8220; header_2_text_color=&#8220;#00326c&#8220; header_2_line_height=&#8220;1.2em&#8220; header_3_text_color=&#8220;#ffce00&#8243; header_4_font=&#8220;|600|||||||&#8220; header_4_text_color=&#8220;#00326c&#8220; header_5_text_color=&#8220;#00326c&#8220; text_font_size_tablet=&#8220;20px&#8220; text_font_size_phone=&#8220;18px&#8220; text_font_size_last_edited=&#8220;on|phone&#8220; header_2_font_size_tablet=&#8220;&#8220; header_2_font_size_phone=&#8220;22px&#8220; header_2_font_size_last_edited=&#8220;on|phone&#8220; header_4_line_height_tablet=&#8220;&#8220; header_4_line_height_phone=&#8220;1.2em&#8220; header_4_line_height_last_edited=&#8220;on|phone&#8220; header_5_line_height_tablet=&#8220;&#8220; header_5_line_height_phone=&#8220;1.2em&#8220; header_5_line_height_last_edited=&#8220;on|phone&#8220; global_colors_info=&#8220;{}&#8220;]<\/p>\n<h1 class=\"section_stitle\">ALLGEMEINE GESCH\u00c4FTSBEDINGUNGEN DER SOLARWATERWORLD AG<\/h1>\n<p>die aufgelisteten Bedingungen. Sie sind Bestandteil des zwischen dem Mieter und der Solarwaterworld AG geschlossenen Vertrags.<\/p>\n<p>&nbsp;<\/p>\n<p><strong>1. Auftragserteilung<\/strong><br \/>Ein Auftrag gilt mit dem Erwerb eines Tickets als erteilt. Mit dem Kauf werden die nachstehenden Gesch\u00e4ftsbedingungen anerkannt. Der Vertrag gilt als abgeschlossen, wenn die Solarwaterworld AG den Auftrag schriftlich best\u00e4tigt oder die vereinbarte Leistung innerhalb des verabredeten Zeitraums ausf\u00fchrt wurde.<br \/>Alle \u00c4nderungen und m\u00fcndliche Nebenabsprachen bed\u00fcrfen der Schriftform.<br \/>Schriftlich best\u00e4tigte Preisangaben sind grunds\u00e4tzlich verbindlich und verstehen sich zuz\u00fcglich der gesetzlich geltenden Mehrwertsteuer.<\/p>\n<p><strong>2. Zahlungsbedingungen<\/strong><br \/>Tickets k\u00f6nnen online oder direkt an Bord erworben werden. Eine Onlinebuchung beinhaltet eine Platzgarantie.<\/p>\n<p><strong>3. R\u00fccktritt vom Vertrag<\/strong><br \/>Verlangt der Kunde aus Gr\u00fcnden, die nicht von der Solarwaterworld AG zu verantworten sind, den R\u00fccktritt vom Vertrag, so hat er die Stornierungskosten zu tragen: Eine kostenfreie Stornierung ist bis zu 48 h vor Fahrtantritt m\u00f6glich. Innerhalb von 48 h stellt die Solarwaterworld AG einen Wertgutschein als Erstattung aus.<\/p>\n<p><strong>4. Versicherung<\/strong><br \/>Die Schiffe sind Vollkasko sowie Haftpflicht versichert. F\u00fcr vors\u00e4tzlich oder grob fahrl\u00e4ssig herbeigef\u00fchrte Sch\u00e4den haftet der Kunde in vollem Umfang.<\/p>\n<p><strong>5. Mietgut<\/strong><br \/>Die Solarwaterworld AG tr\u00e4gt daf\u00fcr Sorge, da\u00df dem Kunden ein betriebssicheres und funktionsf\u00e4higes Schiff bef\u00f6rdert.<br \/>Treten w\u00e4hrend der Tour St\u00f6rungen oder ein Schadensfall auf, hat die Solarwaterworld AG daf\u00fcr Sorge zu tragen, dass St\u00f6rungen, die Betriebsf\u00e4higkeit des Schiffes beeintr\u00e4chtigen, ohne schuldhaftes Verz\u00f6gern behoben werden.<br \/>Behebt die Solarwaterworld AG gemeldete Sch\u00e4den ohne schuldhaftes Verz\u00f6gern, so hat der Kunde keinen Anspruch auf Minderung des Kaufpreises eines Tickets.<br \/>Kann die Solarwaterworld AG aus Gr\u00fcnden, die sie nicht zu vertreten hat, dem Kunden die Tour nicht zur Verf\u00fcgung stellen, so ist er berechtigt, ein gleichwertiges Schiff zu \u00fcbergeben oder den gesamten Kaufpreis zur\u00fcckzuerstatten. Dar\u00fcber hinausgehende Ersatzleistungen sind ausgeschlossen.<\/p>\n<p><strong>6. Nutzung des Mietgutes<\/strong><br \/>Die Nutzung des Schiffes und das Verhalten an Bord hat nach den allgemeinen, anerkannten Regeln der Seemannschaft und den Bestimmungen der BinSchStrO. zu erfolgen. <br \/>Den Ansagen der Crew ist Folge zu leisten.<\/p>\n<p><strong>7. Fremdauftr\u00e4ge<\/strong><br \/>F\u00fcr Fremdauftr\u00e4ge, die durch uns organisiert werden, berechnen wir einen Aufschlag von 10%.<\/p>\n<p><strong>8. Haftung<\/strong><br \/>Eine Haftung wegen Vertragsverletzungen aus h\u00f6herer Gewalt, Aufruhr, Streik und Aussperrungen wird ausgeschlossen. Schadensersatzanspr\u00fcche aus Unm\u00f6glichkeit der Leistung, wegen Nichterf\u00fcllung, aus positiver Vertragsverletzung, aus Verschulden bei Vertragsabschluss und aus unerlaubter Handlung sind sowohl gegen die Solarwaterworld AG als auch gegen seine Erf\u00fcllungs- bzw. Verrichtungsgehilfen ausgeschlossen, soweit der Schaden nicht vors\u00e4tzlich oder grob fahrl\u00e4ssig verursacht wurde.<\/p>\n<p><strong>Gerichtsstand ist Berlin<\/strong><br \/>Sollten einzelne Bestimmungen nicht rechtswirksam sein oder ihre Rechtswirksamkeit verlieren, so soll hierdurch die G\u00fcltigkeit der \u00fcbrigen Bestimmungen nicht ber\u00fchrt werden. Die ung\u00fcltige Regelung wird durch eine Klausel ersetzt, die dem wirtschaftlich Gewolltem am n\u00e4chsten kommt.<\/p>\n<p>&nbsp;<\/p>\n<p class=\"desc\">\n<p class=\"desc\">\n<p>[\/et_pb_text][\/et_pb_column][\/et_pb_row][\/et_pb_section][et_pb_section fb_built=&#8220;1&#8243; prev_background_color=&#8220;#ffffff&#8220; module_id=&#8220;uebersicht&#8220; _builder_version=&#8220;4.20.4&#8243; _module_preset=&#8220;default&#8220; background_color=&#8220;#2f84da&#8220; background_color_gradient_start=&#8220;rgba(12,53,94,0.5)&#8220; background_color_gradient_end=&#8220;rgba(12,53,94,0.5)&#8220; background_enable_image=&#8220;off&#8220; custom_margin_tablet=&#8220;&#8220; custom_margin_phone=&#8220;||-25px||false|false&#8220; custom_margin_last_edited=&#8220;on|phone&#8220; custom_padding=&#8220;97px||22px||false|false&#8220; top_divider_style=&#8220;wave2&#8243; top_divider_height=&#8220;39px&#8220; top_divider_repeat=&#8220;1x&#8220; top_divider_flip=&#8220;vertical&#8220; bottom_divider_height=&#8220;39px&#8220; bottom_divider_repeat=&#8220;1x&#8220; global_module=&#8220;210421&#8243; saved_tabs=&#8220;all&#8220; global_colors_info=&#8220;{}&#8220;][et_pb_row column_structure=&#8220;1_3,1_3,1_3&#8243; _builder_version=&#8220;4.20.4&#8243; background_size=&#8220;initial&#8220; background_position=&#8220;top_left&#8220; background_repeat=&#8220;repeat&#8220; width=&#8220;100%&#8220; custom_margin=&#8220;-2px|auto||auto||&#8220; custom_padding=&#8220;0px||0px|||&#8220; global_colors_info=&#8220;{}&#8220;][et_pb_column type=&#8220;1_3&#8243; _builder_version=&#8220;4.16&#8243; custom_padding=&#8220;|||&#8220; global_colors_info=&#8220;{}&#8220; custom_padding__hover=&#8220;|||&#8220;][et_pb_text _builder_version=&#8220;4.20.4&#8243; text_text_color=&#8220;#FFFFFF&#8220; background_size=&#8220;initial&#8220; background_position=&#8220;top_left&#8220; background_repeat=&#8220;repeat&#8220; custom_margin=&#8220;-15px||-1px||false|false&#8220; custom_padding=&#8220;0px|||20px|false|false&#8220; custom_padding_tablet=&#8220;|||0px|false|false&#8220; custom_padding_phone=&#8220;&#8220; custom_padding_last_edited=&#8220;on|desktop&#8220; text_orientation_tablet=&#8220;center&#8220; text_orientation_phone=&#8220;center&#8220; text_orientation_last_edited=&#8220;on|phone&#8220; global_colors_info=&#8220;{}&#8220;]<\/p>\n<p><span>Copyright \u00a9 Solarwaterworld AG 2023<\/span><\/p>\n<p style=\"text-align: center;\"><!-- \/divi:heading --><\/p>\n<p>[\/et_pb_text][\/et_pb_column][et_pb_column type=&#8220;1_3&#8243; _builder_version=&#8220;4.20.4&#8243; _module_preset=&#8220;default&#8220; global_colors_info=&#8220;{}&#8220;][et_pb_social_media_follow _builder_version=&#8220;4.22.2&#8243; _module_preset=&#8220;default&#8220; text_orientation=&#8220;center&#8220; custom_margin=&#8220;-15px||||false|false&#8220; border_radii=&#8220;on|10px|10px|10px|10px&#8220; global_colors_info=&#8220;{}&#8220;][et_pb_social_media_follow_network social_network=&#8220;facebook&#8220; url=&#8220;https:\/\/www.facebook.com\/solarwaterworld.de\/&#8220; _builder_version=&#8220;4.20.4&#8243; _module_preset=&#8220;default&#8220; background_color=&#8220;#3b5998&#8243; global_colors_info=&#8220;{}&#8220; follow_button=&#8220;off&#8220; url_new_window=&#8220;on&#8220;]facebook[\/et_pb_social_media_follow_network][et_pb_social_media_follow_network social_network=&#8220;instagram&#8220; url=&#8220;https:\/\/www.instagram.com\/solarwaterworld\/&#8220; _builder_version=&#8220;4.20.4&#8243; _module_preset=&#8220;default&#8220; background_color=&#8220;#ea2c59&#8243; global_colors_info=&#8220;{}&#8220; follow_button=&#8220;off&#8220; url_new_window=&#8220;on&#8220;]instagram[\/et_pb_social_media_follow_network][\/et_pb_social_media_follow][\/et_pb_column][et_pb_column type=&#8220;1_3&#8243; _builder_version=&#8220;4.16&#8243; custom_padding=&#8220;|||&#8220; global_colors_info=&#8220;{}&#8220; custom_padding__hover=&#8220;|||&#8220;][et_pb_text _builder_version=&#8220;4.21.0&#8243; background_size=&#8220;initial&#8220; background_position=&#8220;top_left&#8220; background_repeat=&#8220;repeat&#8220; text_orientation=&#8220;right&#8220; custom_margin=&#8220;-15px||||false|false&#8220; custom_padding=&#8220;0px|20px|||false|false&#8220; custom_padding_tablet=&#8220;|0px|||false|false&#8220; custom_padding_phone=&#8220;&#8220; custom_padding_last_edited=&#8220;on|desktop&#8220; text_orientation_tablet=&#8220;center&#8220; text_orientation_phone=&#8220;&#8220; text_orientation_last_edited=&#8220;on|desktop&#8220; global_colors_info=&#8220;{}&#8220;]<span style=\"color: #ffffff;\"><a href=\"https:\/\/www.solarwaterworld.de\/impressum\/\" style=\"color: #ffffff;\">Impressum<\/a>\u00a0 |\u00a0\u00a0<a href=\"https:\/\/www.solarwaterworld.de\/datenschutzbestimmungen\/\" style=\"color: #ffffff;\">Datenschutz<\/a>\u00a0 |\u00a0 <a href=\"https:\/\/www.solarwaterworld.de\/schiffstouren\/agbs\/\" rel=\"attachment noopener noreferrer wp-att-6173\" style=\"color: #ffffff;\">AGBs<\/a><\/span>[\/et_pb_text][\/et_pb_column][\/et_pb_row][\/et_pb_section]<\/p>\n","protected":false},"excerpt":{"rendered":"<p>ALLGEMEINE GESCH\u00c4FTSBEDINGUNGEN DER SOLARWATERWORLD AG die aufgelisteten Bedingungen. Sie sind Bestandteil des zwischen dem Mieter und der Solarwaterworld AG geschlossenen Vertrags. &nbsp; 1. AuftragserteilungEin Auftrag gilt mit dem Erwerb eines Tickets als erteilt. Mit dem Kauf werden die nachstehenden Gesch\u00e4ftsbedingungen anerkannt. Der Vertrag gilt als abgeschlossen, wenn die Solarwaterworld AG den Auftrag schriftlich best\u00e4tigt oder [&hellip;]<\/p>\n","protected":false},"author":1,"featured_media":0,"parent":0,"menu_order":0,"comment_status":"closed","ping_status":"closed","template":"","meta":{"_et_pb_use_builder":"on","_et_pb_old_content":"","_et_gb_content_width":"","inline_featured_image":false,"footnotes":""},"class_list":["post-210638","page","type-page","status-publish","hentry"],"yoast_head":"<!-- This site is optimized with the Yoast SEO plugin v27.4 - https:\/\/yoast.com\/product\/yoast-seo-wordpress\/ -->\n<title>AGBs - Schiffstouren in Berlin<\/title>\n<meta name=\"robots\" content=\"index, follow, max-snippet:-1, max-image-preview:large, max-video-preview:-1\" \/>\n<link rel=\"canonical\" href=\"https:\/\/www.solarwaterworld.de\/schiffstouren\/agbs\/\" \/>\n<meta property=\"og:locale\" content=\"de_DE\" \/>\n<meta property=\"og:type\" content=\"article\" \/>\n<meta property=\"og:title\" content=\"AGBs - Schiffstouren in Berlin\" \/>\n<meta property=\"og:description\" content=\"ALLGEMEINE GESCH\u00c4FTSBEDINGUNGEN DER SOLARWATERWORLD AG die aufgelisteten Bedingungen. Sie sind Bestandteil des zwischen dem Mieter und der Solarwaterworld AG geschlossenen Vertrags. &nbsp; 1. AuftragserteilungEin Auftrag gilt mit dem Erwerb eines Tickets als erteilt. Mit dem Kauf werden die nachstehenden Gesch\u00e4ftsbedingungen anerkannt. Der Vertrag gilt als abgeschlossen, wenn die Solarwaterworld AG den Auftrag schriftlich best\u00e4tigt oder [&hellip;]\" \/>\n<meta property=\"og:url\" content=\"https:\/\/www.solarwaterworld.de\/schiffstouren\/agbs\/\" \/>\n<meta property=\"og:site_name\" content=\"Schiffstouren in Berlin\" \/>\n<meta property=\"article:publisher\" content=\"https:\/\/www.facebook.com\/solarwaterworld.de\" \/>\n<meta property=\"article:modified_time\" content=\"2024-02-05T07:59:36+00:00\" \/>\n<meta name=\"twitter:card\" content=\"summary_large_image\" \/>\n<script type=\"application\/ld+json\" class=\"yoast-schema-graph\">{\"@context\":\"https:\\\/\\\/schema.org\",\"@graph\":[{\"@type\":\"WebPage\",\"@id\":\"https:\\\/\\\/www.solarwaterworld.de\\\/schiffstouren\\\/agbs\\\/\",\"url\":\"https:\\\/\\\/www.solarwaterworld.de\\\/schiffstouren\\\/agbs\\\/\",\"name\":\"AGBs - Schiffstouren in Berlin\",\"isPartOf\":{\"@id\":\"https:\\\/\\\/www.solarwaterworld.de\\\/schiffstouren\\\/#website\"},\"datePublished\":\"2023-06-20T07:43:34+00:00\",\"dateModified\":\"2024-02-05T07:59:36+00:00\",\"breadcrumb\":{\"@id\":\"https:\\\/\\\/www.solarwaterworld.de\\\/schiffstouren\\\/agbs\\\/#breadcrumb\"},\"inLanguage\":\"de\",\"potentialAction\":[{\"@type\":\"ReadAction\",\"target\":[\"https:\\\/\\\/www.solarwaterworld.de\\\/schiffstouren\\\/agbs\\\/\"]}]},{\"@type\":\"BreadcrumbList\",\"@id\":\"https:\\\/\\\/www.solarwaterworld.de\\\/schiffstouren\\\/agbs\\\/#breadcrumb\",\"itemListElement\":[{\"@type\":\"ListItem\",\"position\":1,\"name\":\"Startseite\",\"item\":\"https:\\\/\\\/www.solarwaterworld.de\\\/schiffstouren\\\/\"},{\"@type\":\"ListItem\",\"position\":2,\"name\":\"AGBs\"}]},{\"@type\":\"WebSite\",\"@id\":\"https:\\\/\\\/www.solarwaterworld.de\\\/schiffstouren\\\/#website\",\"url\":\"https:\\\/\\\/www.solarwaterworld.de\\\/schiffstouren\\\/\",\"name\":\"Solarwaterworld Schiffstouren in Berlin\",\"description\":\"Erleben Sie eine Schiffsrundfahrt durch Berlin\",\"publisher\":{\"@id\":\"https:\\\/\\\/www.solarwaterworld.de\\\/schiffstouren\\\/#organization\"},\"potentialAction\":[{\"@type\":\"SearchAction\",\"target\":{\"@type\":\"EntryPoint\",\"urlTemplate\":\"https:\\\/\\\/www.solarwaterworld.de\\\/schiffstouren\\\/?s={search_term_string}\"},\"query-input\":{\"@type\":\"PropertyValueSpecification\",\"valueRequired\":true,\"valueName\":\"search_term_string\"}}],\"inLanguage\":\"de\"},{\"@type\":\"Organization\",\"@id\":\"https:\\\/\\\/www.solarwaterworld.de\\\/schiffstouren\\\/#organization\",\"name\":\"Solarwaterworld Schiffstouren in Berlin\",\"url\":\"https:\\\/\\\/www.solarwaterworld.de\\\/schiffstouren\\\/\",\"logo\":{\"@type\":\"ImageObject\",\"inLanguage\":\"de\",\"@id\":\"https:\\\/\\\/www.solarwaterworld.de\\\/schiffstouren\\\/#\\\/schema\\\/logo\\\/image\\\/\",\"url\":\"https:\\\/\\\/www.solarwaterworld.de\\\/schiffstouren\\\/wp-content\\\/uploads\\\/sites\\\/4\\\/2023\\\/02\\\/170412_SWW_Logo_frei.png\",\"contentUrl\":\"https:\\\/\\\/www.solarwaterworld.de\\\/schiffstouren\\\/wp-content\\\/uploads\\\/sites\\\/4\\\/2023\\\/02\\\/170412_SWW_Logo_frei.png\",\"width\":907,\"height\":170,\"caption\":\"Solarwaterworld Schiffstouren in Berlin\"},\"image\":{\"@id\":\"https:\\\/\\\/www.solarwaterworld.de\\\/schiffstouren\\\/#\\\/schema\\\/logo\\\/image\\\/\"},\"sameAs\":[\"https:\\\/\\\/www.facebook.com\\\/solarwaterworld.de\",\"https:\\\/\\\/www.instagram.com\\\/solarwaterworld\\\/\"]}]}<\/script>\n<!-- \/ Yoast SEO plugin. -->","yoast_head_json":{"title":"AGBs - Schiffstouren in Berlin","robots":{"index":"index","follow":"follow","max-snippet":"max-snippet:-1","max-image-preview":"max-image-preview:large","max-video-preview":"max-video-preview:-1"},"canonical":"https:\/\/www.solarwaterworld.de\/schiffstouren\/agbs\/","og_locale":"de_DE","og_type":"article","og_title":"AGBs - Schiffstouren in Berlin","og_description":"ALLGEMEINE GESCH\u00c4FTSBEDINGUNGEN DER SOLARWATERWORLD AG die aufgelisteten Bedingungen. Sie sind Bestandteil des zwischen dem Mieter und der Solarwaterworld AG geschlossenen Vertrags. &nbsp; 1. AuftragserteilungEin Auftrag gilt mit dem Erwerb eines Tickets als erteilt. Mit dem Kauf werden die nachstehenden Gesch\u00e4ftsbedingungen anerkannt. Der Vertrag gilt als abgeschlossen, wenn die Solarwaterworld AG den Auftrag schriftlich best\u00e4tigt oder [&hellip;]","og_url":"https:\/\/www.solarwaterworld.de\/schiffstouren\/agbs\/","og_site_name":"Schiffstouren in Berlin","article_publisher":"https:\/\/www.facebook.com\/solarwaterworld.de","article_modified_time":"2024-02-05T07:59:36+00:00","twitter_card":"summary_large_image","schema":{"@context":"https:\/\/schema.org","@graph":[{"@type":"WebPage","@id":"https:\/\/www.solarwaterworld.de\/schiffstouren\/agbs\/","url":"https:\/\/www.solarwaterworld.de\/schiffstouren\/agbs\/","name":"AGBs - Schiffstouren in Berlin","isPartOf":{"@id":"https:\/\/www.solarwaterworld.de\/schiffstouren\/#website"},"datePublished":"2023-06-20T07:43:34+00:00","dateModified":"2024-02-05T07:59:36+00:00","breadcrumb":{"@id":"https:\/\/www.solarwaterworld.de\/schiffstouren\/agbs\/#breadcrumb"},"inLanguage":"de","potentialAction":[{"@type":"ReadAction","target":["https:\/\/www.solarwaterworld.de\/schiffstouren\/agbs\/"]}]},{"@type":"BreadcrumbList","@id":"https:\/\/www.solarwaterworld.de\/schiffstouren\/agbs\/#breadcrumb","itemListElement":[{"@type":"ListItem","position":1,"name":"Startseite","item":"https:\/\/www.solarwaterworld.de\/schiffstouren\/"},{"@type":"ListItem","position":2,"name":"AGBs"}]},{"@type":"WebSite","@id":"https:\/\/www.solarwaterworld.de\/schiffstouren\/#website","url":"https:\/\/www.solarwaterworld.de\/schiffstouren\/","name":"Solarwaterworld Schiffstouren in Berlin","description":"Erleben Sie eine Schiffsrundfahrt durch Berlin","publisher":{"@id":"https:\/\/www.solarwaterworld.de\/schiffstouren\/#organization"},"potentialAction":[{"@type":"SearchAction","target":{"@type":"EntryPoint","urlTemplate":"https:\/\/www.solarwaterworld.de\/schiffstouren\/?s={search_term_string}"},"query-input":{"@type":"PropertyValueSpecification","valueRequired":true,"valueName":"search_term_string"}}],"inLanguage":"de"},{"@type":"Organization","@id":"https:\/\/www.solarwaterworld.de\/schiffstouren\/#organization","name":"Solarwaterworld Schiffstouren in Berlin","url":"https:\/\/www.solarwaterworld.de\/schiffstouren\/","logo":{"@type":"ImageObject","inLanguage":"de","@id":"https:\/\/www.solarwaterworld.de\/schiffstouren\/#\/schema\/logo\/image\/","url":"https:\/\/www.solarwaterworld.de\/schiffstouren\/wp-content\/uploads\/sites\/4\/2023\/02\/170412_SWW_Logo_frei.png","contentUrl":"https:\/\/www.solarwaterworld.de\/schiffstouren\/wp-content\/uploads\/sites\/4\/2023\/02\/170412_SWW_Logo_frei.png","width":907,"height":170,"caption":"Solarwaterworld Schiffstouren in Berlin"},"image":{"@id":"https:\/\/www.solarwaterworld.de\/schiffstouren\/#\/schema\/logo\/image\/"},"sameAs":["https:\/\/www.facebook.com\/solarwaterworld.de","https:\/\/www.instagram.com\/solarwaterworld\/"]}]}},"_links":{"self":[{"href":"https:\/\/www.solarwaterworld.de\/schiffstouren\/wp-json\/wp\/v2\/pages\/210638","targetHints":{"allow":["GET"]}}],"collection":[{"href":"https:\/\/www.solarwaterworld.de\/schiffstouren\/wp-json\/wp\/v2\/pages"}],"about":[{"href":"https:\/\/www.solarwaterworld.de\/schiffstouren\/wp-json\/wp\/v2\/types\/page"}],"author":[{"embeddable":true,"href":"https:\/\/www.solarwaterworld.de\/schiffstouren\/wp-json\/wp\/v2\/users\/1"}],"replies":[{"embeddable":true,"href":"https:\/\/www.solarwaterworld.de\/schiffstouren\/wp-json\/wp\/v2\/comments?post=210638"}],"version-history":[{"count":6,"href":"https:\/\/www.solarwaterworld.de\/schiffstouren\/wp-json\/wp\/v2\/pages\/210638\/revisions"}],"predecessor-version":[{"id":210774,"href":"https:\/\/www.solarwaterworld.de\/schiffstouren\/wp-json\/wp\/v2\/pages\/210638\/revisions\/210774"}],"wp:attachment":[{"href":"https:\/\/www.solarwaterworld.de\/schiffstouren\/wp-json\/wp\/v2\/media?parent=210638"}],"curies":[{"name":"wp","href":"https:\/\/api.w.org\/{rel}","templated":true}]}}